{"id":113,"date":"2024-11-11T12:37:43","date_gmt":"2024-11-11T12:37:43","guid":{"rendered":"https:\/\/sech-vlc2025.webs.upv.es\/?page_id=113"},"modified":"2025-06-04T10:26:13","modified_gmt":"2025-06-04T10:26:13","slug":"comunicaciones","status":"publish","type":"page","link":"https:\/\/sech-vlc2025.webs.upv.es\/?page_id=113","title":{"rendered":"Comunicaciones"},"content":{"rendered":"\t\t<div data-elementor-type=\"wp-page\" data-elementor-id=\"113\" class=\"elementor elementor-113\" data-elementor-post-type=\"page\">\n\t\t\t\t<div class=\"elementor-element elementor-element-a09a4c4 e-flex e-con-boxed e-con e-parent\" data-id=\"a09a4c4\" data-element_type=\"container\" data-e-type=\"container\">\n\t\t\t\t\t<div class=\"e-con-inner\">\n\t\t\t\t<div class=\"elementor-element elementor-element-c1d5e55 elementor-widget elementor-widget-heading\" data-id=\"c1d5e55\" data-element_type=\"widget\" data-e-type=\"widget\" data-widget_type=\"heading.default\">\n\t\t\t\t<div class=\"elementor-widget-container\">\n\t\t\t\t\t<h2 class=\"elementor-heading-title elementor-size-default\">Comunicaciones<\/h2>\t\t\t\t<\/div>\n\t\t\t\t<\/div>\n\t\t\t\t\t<\/div>\n\t\t\t\t<\/div>\n\t\t<div class=\"elementor-element elementor-element-03db7fa e-flex e-con-boxed e-con e-parent\" data-id=\"03db7fa\" data-element_type=\"container\" data-e-type=\"container\">\n\t\t\t\t\t<div class=\"e-con-inner\">\n\t\t\t\t<div class=\"elementor-element elementor-element-d4baead elementor-widget elementor-widget-text-editor\" data-id=\"d4baead\" data-element_type=\"widget\" data-e-type=\"widget\" data-widget_type=\"text-editor.default\">\n\t\t\t\t<div class=\"elementor-widget-container\">\n\t\t\t\t\t\t\t\t\t<p class=\"p1\">Cada inscripci\u00f3n da derecho al env\u00edo de dos comunicaciones. Los res\u00famenes deber\u00e1n enviarse antes del 16 de febrero, indicando el tipo de presentaci\u00f3n preferido (oral o p\u00f3ster), y la sesi\u00f3n tem\u00e1tica m\u00e1s adecuada al contenido del trabajo. Las sesiones tem\u00e1ticas son:<\/p><p class=\"p1\">&#8211; Material vegetal y mejora<br \/>&#8211; Fisiolog\u00eda y t\u00e9cnicas de cultivo<br \/>&#8211; Suelos, riego y fertilizaci\u00f3n<br \/>&#8211; Adaptaci\u00f3n al estr\u00e9s ambiental<br \/>&#8211; Sanidad vegetal<br \/>&#8211; Postcosecha y calidad del fruto<br \/>&#8211; Agroingenier\u00eda y digitalizaci\u00f3n<br \/>&#8211; Econom\u00eda, mercados y bioeconom\u00eda circular<\/p><p class=\"p1\">Los p\u00f3steres tendr\u00e1n un tama\u00f1o m\u00e1ximo de 90 cm de ancho x 120 cm de alto (formato vertical) y se expondr\u00e1n durante todo el congreso. Las comunicaciones orales ser\u00e1n de 15 minutos de duraci\u00f3n.<\/p>\t\t\t\t\t\t\t\t<\/div>\n\t\t\t\t<\/div>\n\t\t\t\t\t<\/div>\n\t\t\t\t<\/div>\n\t\t<div class=\"elementor-element elementor-element-c4bbbb9 e-flex e-con-boxed e-con e-parent\" data-id=\"c4bbbb9\" data-element_type=\"container\" data-e-type=\"container\" data-settings=\"{&quot;background_background&quot;:&quot;classic&quot;}\">\n\t\t\t\t\t<div class=\"e-con-inner\">\n\t\t\t\t<div class=\"elementor-element elementor-element-b01195a elementor-widget elementor-widget-text-editor\" data-id=\"b01195a\" data-element_type=\"widget\" data-e-type=\"widget\" data-widget_type=\"text-editor.default\">\n\t\t\t\t<div class=\"elementor-widget-container\">\n\t\t\t\t\t\t\t\t\t<p>Formato comunicaciones orales<\/p>\t\t\t\t\t\t\t\t<\/div>\n\t\t\t\t<\/div>\n\t\t\t\t\t<\/div>\n\t\t\t\t<\/div>\n\t\t<div class=\"elementor-element elementor-element-8a52c37 e-flex e-con-boxed e-con e-parent\" data-id=\"8a52c37\" data-element_type=\"container\" data-e-type=\"container\">\n\t\t\t\t\t<div class=\"e-con-inner\">\n\t\t<div class=\"elementor-element elementor-element-ad467db e-con-full e-flex e-con e-child\" data-id=\"ad467db\" data-element_type=\"container\" data-e-type=\"container\">\n\t\t\t\t<div class=\"elementor-element elementor-element-1b149a7 elementor-widget elementor-widget-text-editor\" data-id=\"1b149a7\" data-element_type=\"widget\" data-e-type=\"widget\" data-widget_type=\"text-editor.default\">\n\t\t\t\t<div class=\"elementor-widget-container\">\n\t\t\t\t\t\t\t\t\t<p class=\"p1\">Las comunicaciones orales tendr\u00e1n un formato libre y una duraci\u00f3n de 10 minutos m\u00e1s 5 adicionales para preguntas.<\/p>\t\t\t\t\t\t\t\t<\/div>\n\t\t\t\t<\/div>\n\t\t\t\t<\/div>\n\t\t\t\t\t<\/div>\n\t\t\t\t<\/div>\n\t\t<div class=\"elementor-element elementor-element-ce35cf1 e-flex e-con-boxed e-con e-parent\" data-id=\"ce35cf1\" data-element_type=\"container\" data-e-type=\"container\" data-settings=\"{&quot;background_background&quot;:&quot;classic&quot;}\">\n\t\t\t\t\t<div class=\"e-con-inner\">\n\t\t\t\t<div class=\"elementor-element elementor-element-dbb1794 elementor-widget elementor-widget-text-editor\" data-id=\"dbb1794\" data-element_type=\"widget\" data-e-type=\"widget\" data-widget_type=\"text-editor.default\">\n\t\t\t\t<div class=\"elementor-widget-container\">\n\t\t\t\t\t\t\t\t\t<p>Formato comunicaciones p\u00f3ster<\/p>\t\t\t\t\t\t\t\t<\/div>\n\t\t\t\t<\/div>\n\t\t\t\t\t<\/div>\n\t\t\t\t<\/div>\n\t\t<div class=\"elementor-element elementor-element-49ad3c1 e-flex e-con-boxed e-con e-parent\" data-id=\"49ad3c1\" data-element_type=\"container\" data-e-type=\"container\">\n\t\t\t\t\t<div class=\"e-con-inner\">\n\t\t\t\t<div class=\"elementor-element elementor-element-532f2e9 elementor-widget__width-initial elementor-widget elementor-widget-text-editor\" data-id=\"532f2e9\" data-element_type=\"widget\" data-e-type=\"widget\" data-widget_type=\"text-editor.default\">\n\t\t\t\t<div class=\"elementor-widget-container\">\n\t\t\t\t\t\t\t\t\t<p class=\"p1\">Las comunicaciones p\u00f3ster estar\u00e1n expuestas durante todo el congreso, desde el lunes 9 de junio hasta el jueves 12. El p\u00f3ster debe tener un tama\u00f1o de 90cm de ancho por 120cm de alto y debe incluir el <a href=\"https:\/\/sech-vlc2025.webs.upv.es\/wp-content\/uploads\/2025\/05\/Naranja_00-scaled.png\">logo<\/a> del congreso en la parte superior izquierda.<\/p>\t\t\t\t\t\t\t\t<\/div>\n\t\t\t\t<\/div>\n\t\t\t\t\t<\/div>\n\t\t\t\t<\/div>\n\t\t<div class=\"elementor-element elementor-element-410054b e-flex e-con-boxed e-con e-parent\" data-id=\"410054b\" data-element_type=\"container\" data-e-type=\"container\" data-settings=\"{&quot;background_background&quot;:&quot;classic&quot;}\">\n\t\t\t\t\t<div class=\"e-con-inner\">\n\t\t\t\t<div class=\"elementor-element elementor-element-3ba0e9f elementor-widget elementor-widget-text-editor\" data-id=\"3ba0e9f\" data-element_type=\"widget\" data-e-type=\"widget\" data-widget_type=\"text-editor.default\">\n\t\t\t\t<div class=\"elementor-widget-container\">\n\t\t\t\t\t\t\t\t\t<p>Trabajo completo para su publicaci\u00f3n en las Actas de Horticultura<\/p>\t\t\t\t\t\t\t\t<\/div>\n\t\t\t\t<\/div>\n\t\t\t\t\t<\/div>\n\t\t\t\t<\/div>\n\t\t<div class=\"elementor-element elementor-element-e42cda1 e-flex e-con-boxed e-con e-parent\" data-id=\"e42cda1\" data-element_type=\"container\" data-e-type=\"container\">\n\t\t\t\t\t<div class=\"e-con-inner\">\n\t\t\t\t<div class=\"elementor-element elementor-element-9eacd4c elementor-widget__width-initial elementor-widget elementor-widget-text-editor\" data-id=\"9eacd4c\" data-element_type=\"widget\" data-e-type=\"widget\" data-widget_type=\"text-editor.default\">\n\t\t\t\t<div class=\"elementor-widget-container\">\n\t\t\t\t\t\t\t\t\t<div class=\"elementToProof\">El trabajo completo debe seguir la <a href=\"https:\/\/sech-vlc2025.webs.upv.es\/wp-content\/uploads\/2025\/06\/instrucciones-autores.pdf\" target=\"_blank\" rel=\"noopener\">normativa<\/a> de la SECH que se adjunta.<\/div><div class=\"elementToProof\">El plazo l\u00edmite para el env\u00edo del trabajo ser\u00e1 el 20 de julio.<\/div>\t\t\t\t\t\t\t\t<\/div>\n\t\t\t\t<\/div>\n\t\t\t\t\t<\/div>\n\t\t\t\t<\/div>\n\t\t\t\t<\/div>\n\t\t","protected":false},"excerpt":{"rendered":"<p>Comunicaciones Cada inscripci\u00f3n da derecho al env\u00edo de dos comunicaciones. Los res\u00famenes deber\u00e1n enviarse antes del 16 de febrero, indicando el tipo de presentaci\u00f3n preferido (oral o p\u00f3ster), y la sesi\u00f3n tem\u00e1tica m\u00e1s adecuada al contenido del trabajo. Las sesiones tem\u00e1ticas son: &#8211; Material vegetal y mejora&#8211; Fisiolog\u00eda y t\u00e9cnicas de cultivo&#8211; Suelos, riego y [&hellip;]<\/p>\n","protected":false},"author":1,"featured_media":0,"parent":0,"menu_order":0,"comment_status":"closed","ping_status":"closed","template":"elementor_header_footer","meta":{"footnotes":""},"class_list":["post-113","page","type-page","status-publish","hentry"],"_links":{"self":[{"href":"https:\/\/sech-vlc2025.webs.upv.es\/index.php?rest_route=\/wp\/v2\/pages\/113","targetHints":{"allow":["GET"]}}],"collection":[{"href":"https:\/\/sech-vlc2025.webs.upv.es\/index.php?rest_route=\/wp\/v2\/pages"}],"about":[{"href":"https:\/\/sech-vlc2025.webs.upv.es\/index.php?rest_route=\/wp\/v2\/types\/page"}],"author":[{"embeddable":true,"href":"https:\/\/sech-vlc2025.webs.upv.es\/index.php?rest_route=\/wp\/v2\/users\/1"}],"replies":[{"embeddable":true,"href":"https:\/\/sech-vlc2025.webs.upv.es\/index.php?rest_route=%2Fwp%2Fv2%2Fcomments&post=113"}],"version-history":[{"count":91,"href":"https:\/\/sech-vlc2025.webs.upv.es\/index.php?rest_route=\/wp\/v2\/pages\/113\/revisions"}],"predecessor-version":[{"id":929,"href":"https:\/\/sech-vlc2025.webs.upv.es\/index.php?rest_route=\/wp\/v2\/pages\/113\/revisions\/929"}],"wp:attachment":[{"href":"https:\/\/sech-vlc2025.webs.upv.es\/index.php?rest_route=%2Fwp%2Fv2%2Fmedia&parent=113"}],"curies":[{"name":"wp","href":"https:\/\/api.w.org\/{rel}","templated":true}]}}